{"id":10203,"date":"2025-10-09T16:28:03","date_gmt":"2025-10-09T14:28:03","guid":{"rendered":"https:\/\/webb1.one\/webb1-newsletter-abonnieren\/"},"modified":"2025-10-09T16:28:03","modified_gmt":"2025-10-09T14:28:03","slug":"webb1-newsletter-abonnieren","status":"publish","type":"page","link":"https:\/\/webb1.one\/de\/webb1-newsletter-abonnieren\/","title":{"rendered":"webb1-Newsletter abonnieren"},"content":{"rendered":"  \n  \n  <div class=\"\n    mailpoet_form_popup_overlay\n      \"><\/div>\n  <div\n    id=\"mailpoet_form_1\"\n    class=\"\n      mailpoet_form\n      mailpoet_form_shortcode\n      mailpoet_form_position_\n      mailpoet_form_animation_\n    \"\n      >\n\n    <style type=\"text\/css\">\n     #mailpoet_form_1 .mailpoet_form {  }\n#mailpoet_form_1 form { margin-bottom: 0; }\n#mailpoet_form_1 p.mailpoet_form_paragraph { margin-bottom: 10px; }\n#mailpoet_form_1 .mailpoet_column_with_background { padding: 10px; }\n#mailpoet_form_1 .mailpoet_form_column:not(:first-child) { margin-left: 20px; }\n#mailpoet_form_1 .mailpoet_paragraph { line-height: 20px; margin-bottom: 20px; }\n#mailpoet_form_1 .mailpoet_segment_label, #mailpoet_form_1 .mailpoet_text_label, #mailpoet_form_1 .mailpoet_textarea_label, #mailpoet_form_1 .mailpoet_select_label, #mailpoet_form_1 .mailpoet_radio_label, #mailpoet_form_1 .mailpoet_checkbox_label, #mailpoet_form_1 .mailpoet_list_label, #mailpoet_form_1 .mailpoet_date_label { display: block; font-weight: normal; }\n#mailpoet_form_1 .mailpoet_text, #mailpoet_form_1 .mailpoet_textarea, #mailpoet_form_1 .mailpoet_select, #mailpoet_form_1 .mailpoet_date_month, #mailpoet_form_1 .mailpoet_date_day, #mailpoet_form_1 .mailpoet_date_year, #mailpoet_form_1 .mailpoet_date { display: block; }\n#mailpoet_form_1 .mailpoet_text, #mailpoet_form_1 .mailpoet_textarea { width: 200px; }\n#mailpoet_form_1 .mailpoet_checkbox {  }\n#mailpoet_form_1 .mailpoet_submit {  }\n#mailpoet_form_1 .mailpoet_divider {  }\n#mailpoet_form_1 .mailpoet_message {  }\n#mailpoet_form_1 .mailpoet_form_loading { width: 30px; text-align: center; line-height: normal; }\n#mailpoet_form_1 .mailpoet_form_loading > span { width: 5px; height: 5px; background-color: #5b5b5b; }\n#mailpoet_form_1 h2.mailpoet-heading { margin: 0 0 20px 0; }\n#mailpoet_form_1 h1.mailpoet-heading { margin: 0 0 10px; }#mailpoet_form_1{border-radius: 25px;text-align: center;}#mailpoet_form_1 form.mailpoet_form {padding: 30px;}#mailpoet_form_1{width: 80%;}#mailpoet_form_1 .mailpoet_message {margin: 0; padding: 0 20px;}\n        #mailpoet_form_1 .mailpoet_validate_success {color: #00d084}\n        #mailpoet_form_1 input.parsley-success {color: #00d084}\n        #mailpoet_form_1 select.parsley-success {color: #00d084}\n        #mailpoet_form_1 textarea.parsley-success {color: #00d084}\n      \n        #mailpoet_form_1 .mailpoet_validate_error {color: #cf2e2e}\n        #mailpoet_form_1 input.parsley-error {color: #cf2e2e}\n        #mailpoet_form_1 select.parsley-error {color: #cf2e2e}\n        #mailpoet_form_1 textarea.textarea.parsley-error {color: #cf2e2e}\n        #mailpoet_form_1 .parsley-errors-list {color: #cf2e2e}\n        #mailpoet_form_1 .parsley-required {color: #cf2e2e}\n        #mailpoet_form_1 .parsley-custom-error-message {color: #cf2e2e}\n      #mailpoet_form_1 .mailpoet_paragraph.last {margin-bottom: 0} @media (max-width: 500px) {#mailpoet_form_1 {background-image: none;}} @media (min-width: 500px) {#mailpoet_form_1 .last .mailpoet_paragraph:last-child {margin-bottom: 0}}  @media (max-width: 500px) {#mailpoet_form_1 .mailpoet_form_column:last-child .mailpoet_paragraph:last-child {margin-bottom: 0}} \n    <\/style>\n\n    <form\n      target=\"_self\"\n      method=\"post\"\n      action=\"https:\/\/webb1.one\/wp-admin\/admin-post.php?action=mailpoet_subscription_form\"\n      class=\"mailpoet_form mailpoet_form_form mailpoet_form_shortcode\"\n      novalidate\n      data-delay=\"\"\n      data-exit-intent-enabled=\"\"\n      data-font-family=\"\"\n      data-cookie-expiration-time=\"\"\n    >\n      <input type=\"hidden\" name=\"data[form_id]\" value=\"1\" \/>\n      <input type=\"hidden\" name=\"token\" value=\"b342e23f31\" \/>\n      <input type=\"hidden\" name=\"api_version\" value=\"v1\" \/>\n      <input type=\"hidden\" name=\"endpoint\" value=\"subscribers\" \/>\n      <input type=\"hidden\" name=\"mailpoet_method\" value=\"subscribe\" \/>\n\n      <label class=\"mailpoet_hp_email_label\" style=\"display: none !important;\">Bitte dieses Feld leer lassen<input type=\"email\" name=\"data[email]\"\/><\/label><div class=\"mailpoet_form_image\"><figure class=\"size-large aligncenter\"><img decoding=\"async\" src=\"https:\/\/ps.w.org\/mailpoet\/assets\/form-templates\/template-4\/mailbox@3x.png\" alt width=95 height=90 style=\"width: 95px;height: 90px\"><\/figure><\/div>\n<div class='mailpoet_spacer' style='height: 1px;'><\/div>\n<h2 class=\"mailpoet-heading  mailpoet-has-font-size\" style=\"text-align: center; color: #0081ff; font-size: 20px; line-height: 1.5\"><strong>Hej d\u00e4r \ud83d\udc4b<br>Det \u00e4r trevligt att tr\u00e4ffa dig.<\/strong><\/h2>\n<h2 class=\"mailpoet-heading  mailpoet-has-font-size\" style=\"text-align: center; font-size: 18px; line-height: 1.5\"><strong>Registrera dig f\u00f6r att f\u00e5 fantastiskt inneh\u00e5ll i din inkorg varje m\u00e5nad.<\/strong><\/h2>\n<div class='mailpoet_spacer' style='height: 1px;'><\/div>\n<div class=\"mailpoet_paragraph \"><input type=\"email\" autocomplete=\"email\" class=\"mailpoet_text\" id=\"form_email_1\" name=\"data[form_field_MDY5YmE3MmY4YjViX2VtYWls]\" title=\"E-postadress\" value=\"\" style=\"width:100%;box-sizing:border-box;background-color:#f1f1f1;border-style:solid;border-radius:40px !important;border-width:0px;border-color:#313131;padding:15px;margin: 0 auto;font-family:&#039;Montserrat&#039;;font-size:16px;line-height:1.5;height:auto;\" data-automation-id=\"form_email\"  placeholder=\"E-postadress *\" aria-label=\"E-postadress *\" data-parsley-errors-container=\".mailpoet_error_1mtoq\" data-parsley-required=\"true\" required aria-required=\"true\" data-parsley-minlength=\"6\" data-parsley-maxlength=\"150\" data-parsley-type-message=\"Dieser Wert sollte eine g\u00fcltige E-Mail-Adresse sein.\" data-parsley-required-message=\"Dieses Feld wird ben\u00f6tigt.\"\/><span class=\"mailpoet_error_1mtoq\"><\/span><\/div>\n<div class=\"mailpoet_paragraph \"><input type=\"submit\" class=\"mailpoet_submit\" value=\"Let\u2019s keep in touch\" data-automation-id=\"subscribe-submit-button\" data-font-family='Montserrat' style=\"width:100%;box-sizing:border-box;background-color:#0081ff;border-style:solid;border-radius:40px !important;border-width:0px;border-color:#313131;padding:15px;margin: 0 auto;font-family:&#039;Montserrat&#039;;font-size:20px;line-height:1.5;height:auto;color:#ffffff;font-weight:bold;\" \/><span class=\"mailpoet_form_loading\"><span class=\"mailpoet_bounce1\"><\/span><span class=\"mailpoet_bounce2\"><\/span><span class=\"mailpoet_bounce3\"><\/span><\/span><\/div>\n<p class=\"mailpoet_form_paragraph  mailpoet-has-font-size\" style=\"text-align: center; font-size: 13px; line-height: 1.5\"><em>We don\u2019t spam! Read our <a target=\"_blank\" href=\"https:\/\/webb1.one\/privacy-policy-2\/\">privacy policy<\/a> for more info.<\/em><\/p>\n\n      <div class=\"mailpoet_message\">\n        <p class=\"mailpoet_validate_success\"\n                style=\"display:none;\"\n                >Kontrollera din inkorg eller skr\u00e4ppostmapp f\u00f6r att bekr\u00e4fta din prenumeration.\n        <\/p>\n        <p class=\"mailpoet_validate_error\"\n                style=\"display:none;\"\n                >        <\/p>\n      <\/div>\n    <\/form>\n\n      <\/div>\n\n  \n","protected":false},"excerpt":{"rendered":"","protected":false},"author":2,"featured_media":0,"parent":0,"menu_order":0,"comment_status":"closed","ping_status":"closed","template":"","meta":{"_et_pb_use_builder":"off","_et_pb_old_content":"","_et_gb_content_width":"","_coblocks_attr":"","_coblocks_dimensions":"","_coblocks_responsive_height":"","_coblocks_accordion_ie_support":"","footnotes":""},"class_list":["post-10203","page","type-page","status-publish","hentry"],"aioseo_notices":[],"aioseo_head":"\n\t\t<!-- All in One SEO Pro 4.9.6.2 - aioseo.com -->\n\t<meta name=\"robots\" content=\"max-image-preview:large\" \/>\n\t<meta name=\"google-site-verification\" content=\"n9BMhxnmZft8cYTVKBUe1OPFipXHdouoi_H9lq3rjls\" \/>\n\t<link rel=\"canonical\" href=\"https:\/\/webb1.one\/de\/webb1-newsletter-abonnieren\/\" \/>\n\t<meta name=\"generator\" content=\"All in One SEO Pro (AIOSEO) 4.9.6.2\" \/>\n\t\t<script type=\"application\/ld+json\" class=\"aioseo-schema\">\n\t\t\t{\"@context\":\"https:\\\/\\\/schema.org\",\"@graph\":[{\"@type\":\"BreadcrumbList\",\"@id\":\"https:\\\/\\\/webb1.one\\\/de\\\/webb1-newsletter-abonnieren\\\/#breadcrumblist\",\"itemListElement\":[{\"@type\":\"ListItem\",\"@id\":\"https:\\\/\\\/webb1.one\\\/de\\\/#listItem\",\"position\":1,\"name\":\"Home\",\"item\":\"https:\\\/\\\/webb1.one\\\/de\\\/\",\"nextItem\":{\"@type\":\"ListItem\",\"@id\":\"https:\\\/\\\/webb1.one\\\/de\\\/webb1-newsletter-abonnieren\\\/#listItem\",\"name\":\"webb1-Newsletter abonnieren\"}},{\"@type\":\"ListItem\",\"@id\":\"https:\\\/\\\/webb1.one\\\/de\\\/webb1-newsletter-abonnieren\\\/#listItem\",\"position\":2,\"name\":\"webb1-Newsletter abonnieren\",\"previousItem\":{\"@type\":\"ListItem\",\"@id\":\"https:\\\/\\\/webb1.one\\\/de\\\/#listItem\",\"name\":\"Home\"}}]},{\"@type\":\"Organization\",\"@id\":\"https:\\\/\\\/webb1.one\\\/de\\\/#organization\",\"name\":\"webb1.one webb1@iscom.consulting\",\"description\":\"#webb1 Webbhotell,Dom\\u00e4nregistreing, Wordpress och AI-L\\u00f6sningar webb1@iscom.consulting ab Webbhotell, dom\\u00e4nregistrering och WordPress-AI-l\\u00f6sningar\",\"url\":\"https:\\\/\\\/webb1.one\\\/de\\\/\",\"telephone\":\"+46470597030\",\"logo\":{\"@type\":\"ImageObject\",\"url\":\"https:\\\/\\\/webb1.one\\\/wp-content\\\/uploads\\\/2025\\\/08\\\/logo_webb1_akt_akt_sn.png\",\"@id\":\"https:\\\/\\\/webb1.one\\\/de\\\/webb1-newsletter-abonnieren\\\/#organizationLogo\",\"width\":566,\"height\":175,\"caption\":\"webb1 logo\"},\"image\":{\"@id\":\"https:\\\/\\\/webb1.one\\\/de\\\/webb1-newsletter-abonnieren\\\/#organizationLogo\"},\"sameAs\":[\"https:\\\/\\\/www.youtube.com\\\/@webb1-one\"],\"address\":{\"@id\":\"https:\\\/\\\/webb1.one\\\/de\\\/#postaladdress\",\"@type\":\"PostalAddress\",\"streetAddress\":\"Sandsj\\u00f6v\\u00e4gen 10,\",\"postalCode\":\"36293\",\"addressLocality\":\"Tingsryd\",\"addressRegion\":\"Kronoberg\",\"addressCountry\":\"SE\"}},{\"@type\":\"WebPage\",\"@id\":\"https:\\\/\\\/webb1.one\\\/de\\\/webb1-newsletter-abonnieren\\\/#webpage\",\"url\":\"https:\\\/\\\/webb1.one\\\/de\\\/webb1-newsletter-abonnieren\\\/\",\"name\":\"webb1-Newsletter abonnieren - webb1.one\",\"inLanguage\":\"de-DE\",\"isPartOf\":{\"@id\":\"https:\\\/\\\/webb1.one\\\/de\\\/#website\"},\"breadcrumb\":{\"@id\":\"https:\\\/\\\/webb1.one\\\/de\\\/webb1-newsletter-abonnieren\\\/#breadcrumblist\"},\"datePublished\":\"2025-10-09T16:28:03+02:00\",\"dateModified\":\"2025-10-09T16:28:03+02:00\"},{\"@type\":\"WebSite\",\"@id\":\"https:\\\/\\\/webb1.one\\\/de\\\/#website\",\"url\":\"https:\\\/\\\/webb1.one\\\/de\\\/\",\"name\":\"webb1.one\",\"alternateName\":\"webb1\",\"description\":\"webb1 Webbhotell,Dom\\u00e4nregistreing, Wordpress och AI-L\\u00f6sningar\",\"inLanguage\":\"de-DE\",\"publisher\":{\"@id\":\"https:\\\/\\\/webb1.one\\\/de\\\/#organization\"}}]}\n\t\t<\/script>\n\t\t<!-- All in One SEO Pro -->\r\n\t\t<title>webb1-Newsletter abonnieren - webb1.one<\/title>\n\n","aioseo_head_json":{"title":"webb1-Newsletter abonnieren - webb1.one","description":"","canonical_url":"https:\/\/webb1.one\/de\/webb1-newsletter-abonnieren\/","robots":"max-image-preview:large","keywords":"","webmasterTools":{"google-site-verification":"n9BMhxnmZft8cYTVKBUe1OPFipXHdouoi_H9lq3rjls","miscellaneous":""},"schema":{"@context":"https:\/\/schema.org","@graph":[{"@type":"BreadcrumbList","@id":"https:\/\/webb1.one\/de\/webb1-newsletter-abonnieren\/#breadcrumblist","itemListElement":[{"@type":"ListItem","@id":"https:\/\/webb1.one\/de\/#listItem","position":1,"name":"Home","item":"https:\/\/webb1.one\/de\/","nextItem":{"@type":"ListItem","@id":"https:\/\/webb1.one\/de\/webb1-newsletter-abonnieren\/#listItem","name":"webb1-Newsletter abonnieren"}},{"@type":"ListItem","@id":"https:\/\/webb1.one\/de\/webb1-newsletter-abonnieren\/#listItem","position":2,"name":"webb1-Newsletter abonnieren","previousItem":{"@type":"ListItem","@id":"https:\/\/webb1.one\/de\/#listItem","name":"Home"}}]},{"@type":"Organization","@id":"https:\/\/webb1.one\/de\/#organization","name":"webb1.one webb1@iscom.consulting","description":"#webb1 Webbhotell,Dom\u00e4nregistreing, Wordpress och AI-L\u00f6sningar webb1@iscom.consulting ab Webbhotell, dom\u00e4nregistrering och WordPress-AI-l\u00f6sningar","url":"https:\/\/webb1.one\/de\/","telephone":"+46470597030","logo":{"@type":"ImageObject","url":"https:\/\/webb1.one\/wp-content\/uploads\/2025\/08\/logo_webb1_akt_akt_sn.png","@id":"https:\/\/webb1.one\/de\/webb1-newsletter-abonnieren\/#organizationLogo","width":566,"height":175,"caption":"webb1 logo"},"image":{"@id":"https:\/\/webb1.one\/de\/webb1-newsletter-abonnieren\/#organizationLogo"},"sameAs":["https:\/\/www.youtube.com\/@webb1-one"],"address":{"@id":"https:\/\/webb1.one\/de\/#postaladdress","@type":"PostalAddress","streetAddress":"Sandsj\u00f6v\u00e4gen 10,","postalCode":"36293","addressLocality":"Tingsryd","addressRegion":"Kronoberg","addressCountry":"SE"}},{"@type":"WebPage","@id":"https:\/\/webb1.one\/de\/webb1-newsletter-abonnieren\/#webpage","url":"https:\/\/webb1.one\/de\/webb1-newsletter-abonnieren\/","name":"webb1-Newsletter abonnieren - webb1.one","inLanguage":"de-DE","isPartOf":{"@id":"https:\/\/webb1.one\/de\/#website"},"breadcrumb":{"@id":"https:\/\/webb1.one\/de\/webb1-newsletter-abonnieren\/#breadcrumblist"},"datePublished":"2025-10-09T16:28:03+02:00","dateModified":"2025-10-09T16:28:03+02:00"},{"@type":"WebSite","@id":"https:\/\/webb1.one\/de\/#website","url":"https:\/\/webb1.one\/de\/","name":"webb1.one","alternateName":"webb1","description":"webb1 Webbhotell,Dom\u00e4nregistreing, Wordpress och AI-L\u00f6sningar","inLanguage":"de-DE","publisher":{"@id":"https:\/\/webb1.one\/de\/#organization"}}]}},"aioseo_meta_data":{"post_id":"10203","title":null,"description":null,"keywords":null,"keyphrases":{"focus":{"keyphrase":"","score":0,"analysis":{"keyphraseInTitle":{"score":0,"maxScore":9,"error":1}}},"additional":[]},"primary_term":null,"canonical_url":null,"og_title":null,"og_description":null,"og_object_type":"default","og_image_type":"default","og_image_url":null,"og_image_width":null,"og_image_height":null,"og_image_custom_url":null,"og_image_custom_fields":null,"og_video":"","og_custom_url":null,"og_article_section":null,"og_article_tags":null,"twitter_use_og":false,"twitter_card":"default","twitter_image_type":"default","twitter_image_url":null,"twitter_image_custom_url":null,"twitter_image_custom_fields":null,"twitter_title":null,"twitter_description":null,"schema":{"blockGraphs":[],"customGraphs":[],"default":{"data":{"Article":[],"Course":[],"Dataset":[],"FAQPage":[],"Movie":[],"Person":[],"Product":[],"ProductReview":[],"Car":[],"Recipe":[],"Service":[],"SoftwareApplication":[],"WebPage":[]},"graphName":"WebPage","isEnabled":true},"graphs":[]},"schema_type":"default","schema_type_options":null,"pillar_content":false,"robots_default":true,"robots_noindex":false,"robots_noarchive":false,"robots_nosnippet":false,"robots_nofollow":false,"robots_noimageindex":false,"robots_noodp":false,"robots_notranslate":false,"robots_max_snippet":"-1","robots_max_videopreview":"-1","robots_max_imagepreview":"large","priority":null,"frequency":"default","local_seo":null,"seo_analyzer_scan_date":"2025-10-09 14:29:55","breadcrumb_settings":null,"limit_modified_date":false,"reviewed_by":"0","open_ai":null,"ai":{"faqs":[],"keyPoints":[],"titles":[],"descriptions":[],"socialPosts":{"email":[],"linkedin":[],"twitter":[],"facebook":[],"instagram":[]}},"created":"2025-10-10 09:25:10","updated":"2025-10-22 00:19:03"},"aioseo_breadcrumb":"<div class=\"aioseo-breadcrumbs\"><span class=\"aioseo-breadcrumb\">\n\t<a href=\"https:\/\/webb1.one\/de\/\" title=\"Home\">Home<\/a>\n<\/span><span class=\"aioseo-breadcrumb-separator\">\u00bb<\/span><span class=\"aioseo-breadcrumb\">\n\twebb1-Newsletter abonnieren\n<\/span><\/div>","aioseo_breadcrumb_json":[{"label":"Home","link":"https:\/\/webb1.one\/de\/"},{"label":"webb1-Newsletter abonnieren","link":"https:\/\/webb1.one\/de\/webb1-newsletter-abonnieren\/"}],"_links":{"self":[{"href":"https:\/\/webb1.one\/de\/wp-json\/wp\/v2\/pages\/10203","targetHints":{"allow":["GET"]}}],"collection":[{"href":"https:\/\/webb1.one\/de\/wp-json\/wp\/v2\/pages"}],"about":[{"href":"https:\/\/webb1.one\/de\/wp-json\/wp\/v2\/types\/page"}],"author":[{"embeddable":true,"href":"https:\/\/webb1.one\/de\/wp-json\/wp\/v2\/users\/2"}],"replies":[{"embeddable":true,"href":"https:\/\/webb1.one\/de\/wp-json\/wp\/v2\/comments?post=10203"}],"version-history":[{"count":0,"href":"https:\/\/webb1.one\/de\/wp-json\/wp\/v2\/pages\/10203\/revisions"}],"wp:attachment":[{"href":"https:\/\/webb1.one\/de\/wp-json\/wp\/v2\/media?parent=10203"}],"curies":[{"name":"wp","href":"https:\/\/api.w.org\/{rel}","templated":true}]}}